{"id":622,"date":"2018-11-12T00:15:14","date_gmt":"2018-11-12T00:15:14","guid":{"rendered":"https:\/\/www.energeticthemes.com\/themes\/sada\/?page_id=622"},"modified":"2024-01-29T22:33:25","modified_gmt":"2024-01-29T21:33:25","slug":"contact-me","status":"publish","type":"page","link":"https:\/\/shunfukan.org\/index.php\/contact-me\/","title":{"rendered":"Nous contacter"},"content":{"rendered":"\n<div class=\"wp-block-columns has-2-columns is-layout-flex wp-container-core-columns-is-layout-28f84493 wp-block-columns-is-layout-flex\" style=\"margin-bottom:40px\" data-vertical-align-layout=\"verticalAlignBottom\">\n<div class=\"wp-block-column is-layout-flow wp-block-column-is-layout-flow\" style=\"margin-bottom:40px\">\n<h2 class=\"wp-block-heading\" style=\"margin-bottom:15px\">Venez tester l&#8217;A\u00efkido !<\/h2>\n\n\n\n<p>Vous souhaitez tester l&#8217;A\u00efkido ? Le Shun Fu Kan vous accueille aux horaires de cours. Plusieurs s\u00e9ances gratuites vous permettent de tester cet art martial.&nbsp;<\/p>\n\n\n\n<p>shunfukanlrk@gmail.com<br>06 15 40 27 62 (Antoine)<\/p>\n<\/div>\n<\/div>\n\n\n\n<figure class=\"wp-block-image alignwide size-large\" style=\"padding-top:0;margin-bottom:80px\"><img loading=\"lazy\" decoding=\"async\" width=\"1024\" height=\"768\" src=\"https:\/\/shunfukan.org\/wp-content\/uploads\/2023\/07\/20230706_204004-1024x768.jpg\" alt=\"\" class=\"wp-image-1206\" srcset=\"https:\/\/shunfukan.org\/wp-content\/uploads\/2023\/07\/20230706_204004-1024x768.jpg 1024w, https:\/\/shunfukan.org\/wp-content\/uploads\/2023\/07\/20230706_204004-scaled-600x450.jpg 600w, https:\/\/shunfukan.org\/wp-content\/uploads\/2023\/07\/20230706_204004-300x225.jpg 300w, https:\/\/shunfukan.org\/wp-content\/uploads\/2023\/07\/20230706_204004-768x576.jpg 768w, https:\/\/shunfukan.org\/wp-content\/uploads\/2023\/07\/20230706_204004-1536x1152.jpg 1536w, https:\/\/shunfukan.org\/wp-content\/uploads\/2023\/07\/20230706_204004-2048x1536.jpg 2048w\" sizes=\"auto, (max-width: 1024px) 100vw, 1024px\" \/><\/figure>\n","protected":false},"excerpt":{"rendered":"<p>Venez tester l&#8217;A\u00efkido ! Vous souhaitez tester l&#8217;A\u00efkido ? Le Shun Fu Kan vous accueille aux horaires de cours. Plusieurs s\u00e9ances gratuites vous permettent de tester cet art martial.&nbsp; shunfukanlrk@gmail.com06 15 40 27 62 (Antoine)<\/p>\n","protected":false},"author":2,"featured_media":0,"parent":0,"menu_order":0,"comment_status":"closed","ping_status":"closed","template":"","meta":{"site-sidebar-layout":"default","site-content-layout":"","ast-site-content-layout":"default","site-content-style":"default","site-sidebar-style":"default","ast-global-header-display":"","ast-banner-title-visibility":"","ast-main-header-display":"","ast-hfb-above-header-display":"","ast-hfb-below-header-display":"","ast-hfb-mobile-header-display":"","site-post-title":"","ast-breadcrumbs-content":"","ast-featured-img":"","footer-sml-layout":"","theme-transparent-header-meta":"","adv-header-id-meta":"","stick-header-meta":"","header-above-stick-meta":"","header-main-stick-meta":"","header-below-stick-meta":"","astra-migrate-meta-layouts":"default","ast-page-background-enabled":"default","ast-page-background-meta":{"desktop":{"background-color":"var(--ast-global-color-4)","background-image":"","background-repeat":"repeat","background-position":"center center","background-size":"auto","background-attachment":"scroll","background-type":"","background-media":"","overlay-type":"","overlay-color":"","overlay-opacity":"","overlay-gradient":""},"tablet":{"background-color":"","background-image":"","background-repeat":"repeat","background-position":"center center","background-size":"auto","background-attachment":"scroll","background-type":"","background-media":"","overlay-type":"","overlay-color":"","overlay-opacity":"","overlay-gradient":""},"mobile":{"background-color":"","background-image":"","background-repeat":"repeat","background-position":"center center","background-size":"auto","background-attachment":"scroll","background-type":"","background-media":"","overlay-type":"","overlay-color":"","overlay-opacity":"","overlay-gradient":""}},"ast-content-background-meta":{"desktop":{"background-color":"var(--ast-global-color-5)","background-image":"","background-repeat":"repeat","background-position":"center center","background-size":"auto","background-attachment":"scroll","background-type":"","background-media":"","overlay-type":"","overlay-color":"","overlay-opacity":"","overlay-gradient":""},"tablet":{"background-color":"var(--ast-global-color-5)","background-image":"","background-repeat":"repeat","background-position":"center center","background-size":"auto","background-attachment":"scroll","background-type":"","background-media":"","overlay-type":"","overlay-color":"","overlay-opacity":"","overlay-gradient":""},"mobile":{"background-color":"var(--ast-global-color-5)","background-image":"","background-repeat":"repeat","background-position":"center center","background-size":"auto","background-attachment":"scroll","background-type":"","background-media":"","overlay-type":"","overlay-color":"","overlay-opacity":"","overlay-gradient":""}},"footnotes":""},"class_list":["post-622","page","type-page","status-publish","hentry"],"_links":{"self":[{"href":"https:\/\/shunfukan.org\/index.php\/wp-json\/wp\/v2\/pages\/622","targetHints":{"allow":["GET"]}}],"collection":[{"href":"https:\/\/shunfukan.org\/index.php\/wp-json\/wp\/v2\/pages"}],"about":[{"href":"https:\/\/shunfukan.org\/index.php\/wp-json\/wp\/v2\/types\/page"}],"author":[{"embeddable":true,"href":"https:\/\/shunfukan.org\/index.php\/wp-json\/wp\/v2\/users\/2"}],"replies":[{"embeddable":true,"href":"https:\/\/shunfukan.org\/index.php\/wp-json\/wp\/v2\/comments?post=622"}],"version-history":[{"count":3,"href":"https:\/\/shunfukan.org\/index.php\/wp-json\/wp\/v2\/pages\/622\/revisions"}],"predecessor-version":[{"id":1982,"href":"https:\/\/shunfukan.org\/index.php\/wp-json\/wp\/v2\/pages\/622\/revisions\/1982"}],"wp:attachment":[{"href":"https:\/\/shunfukan.org\/index.php\/wp-json\/wp\/v2\/media?parent=622"}],"curies":[{"name":"wp","href":"https:\/\/api.w.org\/{rel}","templated":true}]}}