{"id":522,"date":"2018-11-05T21:26:40","date_gmt":"2018-11-05T21:26:40","guid":{"rendered":"https:\/\/www.energeticthemes.com\/themes\/sada\/?page_id=522"},"modified":"2018-11-05T21:26:40","modified_gmt":"2018-11-05T21:26:40","slug":"home-2","status":"publish","type":"page","link":"https:\/\/shunfukan.org\/index.php\/home-2\/","title":{"rendered":"Home 2"},"content":{"rendered":"<p>No posts<\/p>\n\n\n<div class=\"wp-block-columns alignwide has-2-columns is-layout-flex wp-container-core-columns-is-layout-28f84493 wp-block-columns-is-layout-flex\" data-columns-layout=\"two_66_33\" data-columns-gutter=\"50\">\n<div class=\"wp-block-column is-layout-flow wp-block-column-is-layout-flow\" style=\"margin-bottom:60px\"><div class=\"energetic-core-parts-posts container  alignwide\" style=\"\"><div class=\"row blog-post is-list stander-post-style\"><div class=\"col-lg-12\"><article id=\"post-3156\" class=\"clearfix post-3156 post type-post status-publish format-standard has-post-thumbnail hentry category-aikido category-art category-club category-convivialite category-evenement category-non-classe category-saison-2025-2026 category-stage tag-aikido tag-art-martial tag-brest tag-bretagne tag-budo tag-confiance-en-soi tag-ffaaa tag-japon tag-le-relecq-kerhuon tag-shun-fu-kan\"><div class=\"entry-media\"><a href=\"https:\/\/shunfukan.org\/index.php\/2025\/11\/12\/stage-de-patrick-benezi-shihan\/\" rel=\"bookmark\"><img loading=\"lazy\" decoding=\"async\" width=\"1959\" height=\"1306\" src=\"https:\/\/shunfukan.org\/wp-content\/uploads\/2025\/11\/WhatsApp-Image-2025-11-09-at-18.13.34.jpeg\" class=\"attachment- size- wp-post-image\" alt=\"\" srcset=\"https:\/\/shunfukan.org\/wp-content\/uploads\/2025\/11\/WhatsApp-Image-2025-11-09-at-18.13.34.jpeg 1959w, https:\/\/shunfukan.org\/wp-content\/uploads\/2025\/11\/WhatsApp-Image-2025-11-09-at-18.13.34-300x200.jpeg 300w, https:\/\/shunfukan.org\/wp-content\/uploads\/2025\/11\/WhatsApp-Image-2025-11-09-at-18.13.34-1024x683.jpeg 1024w, https:\/\/shunfukan.org\/wp-content\/uploads\/2025\/11\/WhatsApp-Image-2025-11-09-at-18.13.34-768x512.jpeg 768w, https:\/\/shunfukan.org\/wp-content\/uploads\/2025\/11\/WhatsApp-Image-2025-11-09-at-18.13.34-1536x1024.jpeg 1536w, https:\/\/shunfukan.org\/wp-content\/uploads\/2025\/11\/WhatsApp-Image-2025-11-09-at-18.13.34-1200x800.jpeg 1200w, https:\/\/shunfukan.org\/wp-content\/uploads\/2025\/11\/WhatsApp-Image-2025-11-09-at-18.13.34-600x400.jpeg 600w\" sizes=\"auto, (max-width: 1959px) 100vw, 1959px\" \/><\/a><\/div><div class=\"entry-content-wrapper\"><div class=\"entry-meta-top\"><span class=\"entry-meta-data\">12 November 2025<\/span><span class=\"entry-meta-category\"><a href=\"https:\/\/shunfukan.org\/index.php\/category\/aikido\/\" rel=\"category tag\">Aikido<\/a>&nbsp;<a href=\"https:\/\/shunfukan.org\/index.php\/category\/art\/\" rel=\"category tag\">Art<\/a>&nbsp;<a href=\"https:\/\/shunfukan.org\/index.php\/category\/club\/\" rel=\"category tag\">Club<\/a>&nbsp;<a href=\"https:\/\/shunfukan.org\/index.php\/category\/convivialite\/\" rel=\"category tag\">Convivialit\u00e9<\/a>&nbsp;<a href=\"https:\/\/shunfukan.org\/index.php\/category\/evenement\/\" rel=\"category tag\">Ev\u00e9nement<\/a>&nbsp;<a href=\"https:\/\/shunfukan.org\/index.php\/category\/non-classe\/\" rel=\"category tag\">Non class\u00e9<\/a>&nbsp;<a href=\"https:\/\/shunfukan.org\/index.php\/category\/shun-fu-kan-lrk\/saison-2025-2026\/\" rel=\"category tag\">Saison 2025-2026<\/a>&nbsp;<a href=\"https:\/\/shunfukan.org\/index.php\/category\/stage\/\" rel=\"category tag\">Stage<\/a><\/span><\/div><h4 class=\"entry-title\"><a href=\"https:\/\/shunfukan.org\/index.php\/2025\/11\/12\/stage-de-patrick-benezi-shihan\/\">Stage de Patrick B\u00e9n\u00e9zi Shihan.<\/a><\/h4><div class=\"entry-excerpt\"><p>Ce week-end, nous avons eu l&#8217;honneur de recevoir Patrick B\u00e9n\u00e9zi Shihan, 7\u00e8me DAN. Ce fut aussi l&#8217;occasion de remettre officiellement le 1er Dan de notre pr\u00e9sidente, Thao. F\u00e9licitations Thao!! Merci&hellip;<\/p>\n<\/div><a class=\"entry-read-more\" href=\"https:\/\/shunfukan.org\/index.php\/2025\/11\/12\/stage-de-patrick-benezi-shihan\/\">Read More <i class=\"fas fa-long-arrow-alt-right ml-1\" aria-hidden=\"true\"><\/i><\/a><\/div><\/article><\/div><div class=\"col-lg-12\"><article id=\"post-3066\" class=\"clearfix post-3066 post type-post status-publish format-standard has-post-thumbnail hentry category-aikido category-convivialite category-enfants category-saison-2024-2025 category-shun-fu-kan-lrk tag-aikido tag-art-martial tag-brest tag-bretagne tag-confiance-en-soi tag-ffaaa tag-japon tag-le-relecq-kerhuon tag-shun-fu-kan tag-sport\"><div class=\"entry-media\"><a href=\"https:\/\/shunfukan.org\/index.php\/2025\/07\/08\/passages-de-grades-enfants\/\" rel=\"bookmark\"><img loading=\"lazy\" decoding=\"async\" width=\"1920\" height=\"1080\" src=\"https:\/\/shunfukan.org\/wp-content\/uploads\/2025\/07\/photo_groupe.png\" class=\"attachment- size- wp-post-image\" alt=\"\" srcset=\"https:\/\/shunfukan.org\/wp-content\/uploads\/2025\/07\/photo_groupe.png 1920w, https:\/\/shunfukan.org\/wp-content\/uploads\/2025\/07\/photo_groupe-300x169.png 300w, https:\/\/shunfukan.org\/wp-content\/uploads\/2025\/07\/photo_groupe-1024x576.png 1024w, https:\/\/shunfukan.org\/wp-content\/uploads\/2025\/07\/photo_groupe-768x432.png 768w, https:\/\/shunfukan.org\/wp-content\/uploads\/2025\/07\/photo_groupe-1536x864.png 1536w, https:\/\/shunfukan.org\/wp-content\/uploads\/2025\/07\/photo_groupe-600x338.png 600w\" sizes=\"auto, (max-width: 1920px) 100vw, 1920px\" \/><\/a><\/div><div class=\"entry-content-wrapper\"><div class=\"entry-meta-top\"><span class=\"entry-meta-data\">8 July 2025<\/span><span class=\"entry-meta-category\"><a href=\"https:\/\/shunfukan.org\/index.php\/category\/aikido\/\" rel=\"category tag\">Aikido<\/a>&nbsp;<a href=\"https:\/\/shunfukan.org\/index.php\/category\/convivialite\/\" rel=\"category tag\">Convivialit\u00e9<\/a>&nbsp;<a href=\"https:\/\/shunfukan.org\/index.php\/category\/enfants\/\" rel=\"category tag\">enfants<\/a>&nbsp;<a href=\"https:\/\/shunfukan.org\/index.php\/category\/shun-fu-kan-lrk\/saison-2024-2025\/\" rel=\"category tag\">Saison 2024-2025<\/a>&nbsp;<a href=\"https:\/\/shunfukan.org\/index.php\/category\/shun-fu-kan-lrk\/\" rel=\"category tag\">SHUN FU KAN LRK<\/a><\/span><\/div><h4 class=\"entry-title\"><a href=\"https:\/\/shunfukan.org\/index.php\/2025\/07\/08\/passages-de-grades-enfants\/\">Passages de grades enfants !<\/a><\/h4><div class=\"entry-excerpt\"><p>Fin juin a lieu les passages de grades kyu enfants, qu&#8217;ils ont pass\u00e9 avec beaucoup de s\u00e9rieux devant les parents en respectant l&#8217;\u00e9tiquette japonaise. Au total, 7 enfants ont pass\u00e9&hellip;<\/p>\n<\/div><a class=\"entry-read-more\" href=\"https:\/\/shunfukan.org\/index.php\/2025\/07\/08\/passages-de-grades-enfants\/\">Read More <i class=\"fas fa-long-arrow-alt-right ml-1\" aria-hidden=\"true\"><\/i><\/a><\/div><\/article><\/div><div class=\"col-lg-12\"><article id=\"post-3062\" class=\"clearfix post-3062 post type-post status-publish format-standard has-post-thumbnail hentry category-aikido category-ffaaa category-saison-2024-2025 category-shun-fu-kan-lrk tag-aikido tag-art-martial tag-brest tag-confiance-en-soi tag-ffaaa tag-japon tag-shodan tag-shun-fu-kan\"><div class=\"entry-media\"><a href=\"https:\/\/shunfukan.org\/index.php\/2025\/06\/25\/une-nouvelle-ceinture-noire-au-club\/\" rel=\"bookmark\"><img loading=\"lazy\" decoding=\"async\" width=\"526\" height=\"935\" src=\"https:\/\/shunfukan.org\/wp-content\/uploads\/2025\/06\/SFK_shodan.jpg\" class=\"attachment- size- wp-post-image\" alt=\"\" srcset=\"https:\/\/shunfukan.org\/wp-content\/uploads\/2025\/06\/SFK_shodan.jpg 526w, https:\/\/shunfukan.org\/wp-content\/uploads\/2025\/06\/SFK_shodan-169x300.jpg 169w\" sizes=\"auto, (max-width: 526px) 100vw, 526px\" \/><\/a><\/div><div class=\"entry-content-wrapper\"><div class=\"entry-meta-top\"><span class=\"entry-meta-data\">25 June 2025<\/span><span class=\"entry-meta-category\"><a href=\"https:\/\/shunfukan.org\/index.php\/category\/aikido\/\" rel=\"category tag\">Aikido<\/a>&nbsp;<a href=\"https:\/\/shunfukan.org\/index.php\/category\/ffaaa\/\" rel=\"category tag\">FFAAA<\/a>&nbsp;<a href=\"https:\/\/shunfukan.org\/index.php\/category\/shun-fu-kan-lrk\/saison-2024-2025\/\" rel=\"category tag\">Saison 2024-2025<\/a>&nbsp;<a href=\"https:\/\/shunfukan.org\/index.php\/category\/shun-fu-kan-lrk\/\" rel=\"category tag\">SHUN FU KAN LRK<\/a><\/span><\/div><h4 class=\"entry-title\"><a href=\"https:\/\/shunfukan.org\/index.php\/2025\/06\/25\/une-nouvelle-ceinture-noire-au-club\/\">Une nouvelle ceinture noire au club !<\/a><\/h4><div class=\"entry-excerpt\"><p>Bravo \u00e0 Thao qui obtenu son 1er Dan d&#8217;A\u00efkido apr\u00e8s un passage devant un jury \u00e0 Bain de Bretagne le dimanche 15 juin 2025 !! Elle recevra bient\u00f4t une ceinture&hellip;<\/p>\n<\/div><a class=\"entry-read-more\" href=\"https:\/\/shunfukan.org\/index.php\/2025\/06\/25\/une-nouvelle-ceinture-noire-au-club\/\">Read More <i class=\"fas fa-long-arrow-alt-right ml-1\" aria-hidden=\"true\"><\/i><\/a><\/div><\/article><\/div><div class=\"text-center w-100\"><a class=\"btn\" href=\"https:\/\/www.energeticthemes.com\/themes\/munfarid\/blog\/\"> More Posts <i class=\"fa fa-long-arrow-right\" aria-hidden=\"true\"><\/i><\/a><\/div><\/div><\/div><\/div>\n\n\n\n<div class=\"wp-block-column is-layout-flow wp-block-column-is-layout-flow\" style=\"margin-bottom:60px\">\n<p style=\"color:#1e205a;font-size:21px;margin-bottom:20px\" class=\"has-text-color\"><strong>Categories<\/strong><\/p>\n\n\n<ul class=\"wp-block-categories-list wp-block-categories\">\t<li class=\"cat-item cat-item-3\"><a href=\"https:\/\/shunfukan.org\/index.php\/category\/aikido\/\">Aikido<\/a>\n<\/li>\n\t<li class=\"cat-item cat-item-38\"><a href=\"https:\/\/shunfukan.org\/index.php\/category\/art\/\">Art<\/a>\n<\/li>\n\t<li class=\"cat-item cat-item-4\"><a href=\"https:\/\/shunfukan.org\/index.php\/category\/club\/\">Club<\/a>\n<\/li>\n\t<li class=\"cat-item cat-item-83\"><a href=\"https:\/\/shunfukan.org\/index.php\/category\/convivialite\/\">Convivialit\u00e9<\/a>\n<\/li>\n\t<li class=\"cat-item cat-item-39\"><a href=\"https:\/\/shunfukan.org\/index.php\/category\/culture\/\">Culture<\/a>\n<\/li>\n\t<li class=\"cat-item cat-item-86\"><a href=\"https:\/\/shunfukan.org\/index.php\/category\/demonstrations\/\">D\u00e9monstrations<\/a>\n<\/li>\n\t<li class=\"cat-item cat-item-92\"><a href=\"https:\/\/shunfukan.org\/index.php\/category\/formations\/ecole-des-cadres\/\">Ecole des cadres<\/a>\n<\/li>\n\t<li class=\"cat-item cat-item-5\"><a href=\"https:\/\/shunfukan.org\/index.php\/category\/enfants\/\">enfants<\/a>\n<\/li>\n\t<li class=\"cat-item cat-item-36\"><a href=\"https:\/\/shunfukan.org\/index.php\/category\/evenement\/\">Ev\u00e9nement<\/a>\n<\/li>\n\t<li class=\"cat-item cat-item-6\"><a href=\"https:\/\/shunfukan.org\/index.php\/category\/ffaaa\/\">FFAAA<\/a>\n<\/li>\n\t<li class=\"cat-item cat-item-81\"><a href=\"https:\/\/shunfukan.org\/index.php\/category\/formations\/\">Formations<\/a>\n<\/li>\n\t<li class=\"cat-item cat-item-98\"><a href=\"https:\/\/shunfukan.org\/index.php\/category\/interclubs\/\">Interclubs<\/a>\n<\/li>\n\t<li class=\"cat-item cat-item-1\"><a href=\"https:\/\/shunfukan.org\/index.php\/category\/non-classe\/\">Non class\u00e9<\/a>\n<\/li>\n\t<li class=\"cat-item cat-item-82\"><a href=\"https:\/\/shunfukan.org\/index.php\/category\/formations\/psc1\/\">PSC1<\/a>\n<\/li>\n\t<li class=\"cat-item cat-item-76\"><a href=\"https:\/\/shunfukan.org\/index.php\/category\/shun-fu-kan-lrk\/saison-2023-2024\/\">Saison 2023-2024<\/a>\n<\/li>\n\t<li class=\"cat-item cat-item-88\"><a href=\"https:\/\/shunfukan.org\/index.php\/category\/shun-fu-kan-lrk\/saison-2024-2025\/\">Saison 2024-2025<\/a>\n<\/li>\n\t<li class=\"cat-item cat-item-105\"><a href=\"https:\/\/shunfukan.org\/index.php\/category\/shun-fu-kan-lrk\/saison-2025-2026\/\">Saison 2025-2026<\/a>\n<\/li>\n\t<li class=\"cat-item cat-item-77\"><a href=\"https:\/\/shunfukan.org\/index.php\/category\/shun-fu-kan-lrk\/\">SHUN FU KAN LRK<\/a>\n<\/li>\n\t<li class=\"cat-item cat-item-7\"><a href=\"https:\/\/shunfukan.org\/index.php\/category\/stage\/\">Stage<\/a>\n<\/li>\n\t<li class=\"cat-item cat-item-8\"><a href=\"https:\/\/shunfukan.org\/index.php\/category\/tissier\/\">Tissier<\/a>\n<\/li>\n<\/ul>\n\n\n<p style=\"color:#1e205a;font-size:21px;margin-bottom:20px\" class=\"has-text-color\"><strong>Top Posts<\/strong><\/p>\n\n\n<div class=\"energetic-core-parts-posts-list simple-entry-list blog-post  \" style=\"margin-bottom:40px;\"><ul class=\"post-list\"><li><article id=\"list-post-2147\" class=\"d-flex clearfix post-2147 post type-post status-publish format-standard has-post-thumbnail hentry category-aikido category-club category-convivialite category-evenement category-saison-2023-2024 category-shun-fu-kan-lrk category-stage tag-aikido tag-art-martial tag-brest tag-confiance-en-soi tag-ffaaa tag-le-relecq-kerhuon tag-shun-fu-kan\"><span class=\"reveal-title\">1<\/span><div class=\"entry-content-wrapper\"><a class=\"entry-title\" href=\"https:\/\/shunfukan.org\/index.php\/2024\/02\/18\/retour-sur-le-stage-anime-par-patrick-benezi\/\">Retour sur le stage anim\u00e9 par Patrick B\u00e9n\u00e9zi !<\/a><div class=\"entry-meta-top\"><span class=\"entry-meta-data\">18 February 2024<\/span><span class=\"entry-meta-category\"><a href=\"https:\/\/shunfukan.org\/index.php\/category\/aikido\/\" rel=\"category tag\">Aikido<\/a>&nbsp;<a href=\"https:\/\/shunfukan.org\/index.php\/category\/club\/\" rel=\"category tag\">Club<\/a>&nbsp;<a href=\"https:\/\/shunfukan.org\/index.php\/category\/convivialite\/\" rel=\"category tag\">Convivialit\u00e9<\/a>&nbsp;<a href=\"https:\/\/shunfukan.org\/index.php\/category\/evenement\/\" rel=\"category tag\">Ev\u00e9nement<\/a>&nbsp;<a href=\"https:\/\/shunfukan.org\/index.php\/category\/shun-fu-kan-lrk\/saison-2023-2024\/\" rel=\"category tag\">Saison 2023-2024<\/a>&nbsp;<a href=\"https:\/\/shunfukan.org\/index.php\/category\/shun-fu-kan-lrk\/\" rel=\"category tag\">SHUN FU KAN LRK<\/a>&nbsp;<a href=\"https:\/\/shunfukan.org\/index.php\/category\/stage\/\" rel=\"category tag\">Stage<\/a><\/span><\/div><\/div><\/article><\/li><li><article id=\"list-post-2597\" class=\"d-flex clearfix post-2597 post type-post status-publish format-standard has-post-thumbnail hentry category-aikido category-convivialite category-enfants category-ffaaa category-interclubs category-saison-2024-2025 category-shun-fu-kan-lrk tag-aikido tag-apprentis-samourais tag-art-martial tag-brest tag-bretagne tag-budo tag-confiance-en-soi tag-ffaaa tag-interclub tag-japon tag-junior tag-le-relecq-kerhuon tag-shun-fu-kan\"><span class=\"reveal-title\">2<\/span><div class=\"entry-content-wrapper\"><a class=\"entry-title\" href=\"https:\/\/shunfukan.org\/index.php\/2025\/01\/27\/interclubs-enfants-26-01-25\/\">Interclubs enfants 26\/01\/25<\/a><div class=\"entry-meta-top\"><span class=\"entry-meta-data\">27 January 2025<\/span><span class=\"entry-meta-category\"><a href=\"https:\/\/shunfukan.org\/index.php\/category\/aikido\/\" rel=\"category tag\">Aikido<\/a>&nbsp;<a href=\"https:\/\/shunfukan.org\/index.php\/category\/convivialite\/\" rel=\"category tag\">Convivialit\u00e9<\/a>&nbsp;<a href=\"https:\/\/shunfukan.org\/index.php\/category\/enfants\/\" rel=\"category tag\">enfants<\/a>&nbsp;<a href=\"https:\/\/shunfukan.org\/index.php\/category\/ffaaa\/\" rel=\"category tag\">FFAAA<\/a>&nbsp;<a href=\"https:\/\/shunfukan.org\/index.php\/category\/interclubs\/\" rel=\"category tag\">Interclubs<\/a>&nbsp;<a href=\"https:\/\/shunfukan.org\/index.php\/category\/shun-fu-kan-lrk\/saison-2024-2025\/\" rel=\"category tag\">Saison 2024-2025<\/a>&nbsp;<a href=\"https:\/\/shunfukan.org\/index.php\/category\/shun-fu-kan-lrk\/\" rel=\"category tag\">SHUN FU KAN LRK<\/a><\/span><\/div><\/div><\/article><\/li><li><article id=\"list-post-2862\" class=\"d-flex clearfix post-2862 post type-post status-publish format-standard has-post-thumbnail hentry category-aikido category-convivialite category-enfants category-ffaaa category-interclubs category-saison-2024-2025 category-shun-fu-kan-lrk tag-aikido tag-art-martial tag-brest tag-bretagne tag-confiance-en-soi tag-ffaaa tag-japon tag-le-relecq-kerhuon tag-samourai tag-shun-fu-kan tag-sport\"><span class=\"reveal-title\">3<\/span><div class=\"entry-content-wrapper\"><a class=\"entry-title\" href=\"https:\/\/shunfukan.org\/index.php\/2025\/04\/04\/interclub-enfants-a-daoulas-30-03-25\/\">Interclub enfants \u00e0 Daoulas 30\/03\/25<\/a><div class=\"entry-meta-top\"><span class=\"entry-meta-data\">4 April 2025<\/span><span class=\"entry-meta-category\"><a href=\"https:\/\/shunfukan.org\/index.php\/category\/aikido\/\" rel=\"category tag\">Aikido<\/a>&nbsp;<a href=\"https:\/\/shunfukan.org\/index.php\/category\/convivialite\/\" rel=\"category tag\">Convivialit\u00e9<\/a>&nbsp;<a href=\"https:\/\/shunfukan.org\/index.php\/category\/enfants\/\" rel=\"category tag\">enfants<\/a>&nbsp;<a href=\"https:\/\/shunfukan.org\/index.php\/category\/ffaaa\/\" rel=\"category tag\">FFAAA<\/a>&nbsp;<a href=\"https:\/\/shunfukan.org\/index.php\/category\/interclubs\/\" rel=\"category tag\">Interclubs<\/a>&nbsp;<a href=\"https:\/\/shunfukan.org\/index.php\/category\/shun-fu-kan-lrk\/saison-2024-2025\/\" rel=\"category tag\">Saison 2024-2025<\/a>&nbsp;<a href=\"https:\/\/shunfukan.org\/index.php\/category\/shun-fu-kan-lrk\/\" rel=\"category tag\">SHUN FU KAN LRK<\/a><\/span><\/div><\/div><\/article><\/li><li><article id=\"list-post-1263\" class=\"d-flex clearfix post-1263 post type-post status-publish format-standard hentry category-aikido category-club tag-aikido tag-art-martial tag-brest tag-confiance-en-soi tag-ffaaa tag-japon tag-le-relecq-kerhuon tag-shun-fu-kan\"><span class=\"reveal-title\">4<\/span><div class=\"entry-content-wrapper\"><a class=\"entry-title\" href=\"https:\/\/shunfukan.org\/index.php\/2023\/09\/04\/saison-2023-2024-cest-la-rentree\/\">[Saison 2023-2024] C&#8217;est la rentr\u00e9e !<\/a><div class=\"entry-meta-top\"><span class=\"entry-meta-data\">4 September 2023<\/span><span class=\"entry-meta-category\"><a href=\"https:\/\/shunfukan.org\/index.php\/category\/aikido\/\" rel=\"category tag\">Aikido<\/a>&nbsp;<a href=\"https:\/\/shunfukan.org\/index.php\/category\/club\/\" rel=\"category tag\">Club<\/a><\/span><\/div><\/div><\/article><\/li><li><article id=\"list-post-2997\" class=\"d-flex clearfix post-2997 post type-post status-publish format-standard has-post-thumbnail hentry category-demonstrations category-enfants category-ffaaa category-saison-2024-2025 category-shun-fu-kan-lrk tag-aikido tag-art-martial tag-bretagne tag-confiance-en-soi tag-ffaaa tag-japon tag-junior tag-le-relecq-kerhuon tag-shun-fu-kan\"><span class=\"reveal-title\">5<\/span><div class=\"entry-content-wrapper\"><a class=\"entry-title\" href=\"https:\/\/shunfukan.org\/index.php\/2025\/05\/26\/evenement-aikido-pour-les-jeunes\/\">Ev\u00e9nement A\u00efkido pour les jeunes !<\/a><div class=\"entry-meta-top\"><span class=\"entry-meta-data\">26 May 2025<\/span><span class=\"entry-meta-category\"><a href=\"https:\/\/shunfukan.org\/index.php\/category\/demonstrations\/\" rel=\"category tag\">D\u00e9monstrations<\/a>&nbsp;<a href=\"https:\/\/shunfukan.org\/index.php\/category\/enfants\/\" rel=\"category tag\">enfants<\/a>&nbsp;<a href=\"https:\/\/shunfukan.org\/index.php\/category\/ffaaa\/\" rel=\"category tag\">FFAAA<\/a>&nbsp;<a href=\"https:\/\/shunfukan.org\/index.php\/category\/shun-fu-kan-lrk\/saison-2024-2025\/\" rel=\"category tag\">Saison 2024-2025<\/a>&nbsp;<a href=\"https:\/\/shunfukan.org\/index.php\/category\/shun-fu-kan-lrk\/\" rel=\"category tag\">SHUN FU KAN LRK<\/a><\/span><\/div><\/div><\/article><\/li><\/ul><\/div>\n\n\n<p style=\"color:#1e205a;font-size:21px;margin-bottom:20px\" class=\"has-text-color\"><strong>Instagram<\/strong><\/p>\n\n\n<div class=\"\"> Please check the block data<\/div><\/div>\n<\/div>\n\n\n\n<div class=\"wp-block-columns alignwide has-2-columns is-layout-flex wp-container-core-columns-is-layout-28f84493 wp-block-columns-is-layout-flex\" style=\"padding-top:60px;padding-bottom:60px;padding-left:60px;padding-right:60px;margin-bottom:80px;background-color:#f8f7f3;background-image:url(&quot;https:\/\/www.energeticthemes.com\/themes\/munfarid\/wp-content\/uploads\/sites\/85\/2019\/01\/32.jpg&quot;);background-size:cover;background-position:center center;background-attachment:scroll\" data-columns-layout=\"twoEqual\">\n<div class=\"wp-block-column is-layout-flow wp-block-column-is-layout-flow\">\n<h3 class=\"wp-block-heading\" style=\"margin-bottom:10px\" id=\"mce_6\">Subscribe and Stay Informed<\/h3>\n\n\n\n<p>Oratio pertinax cu vix, id his aliquam habemus tractatos. Eu cursus modo officiis liberavisse invidunt adipiscing cursus has.<\/p>\n\n\n<div><\/div>\n<\/div>\n\n\n\n<div class=\"wp-block-column is-layout-flow wp-block-column-is-layout-flow\"><\/div>\n<\/div>\n","protected":false},"excerpt":{"rendered":"<p>Categories Top Posts Instagram Subscribe and Stay Informed Oratio pertinax cu vix, id his aliquam habemus tractatos. Eu cursus modo officiis liberavisse invidunt adipiscing cursus has.<\/p>\n","protected":false},"author":2,"featured_media":0,"parent":0,"menu_order":0,"comment_status":"closed","ping_status":"closed","template":"","meta":{"site-sidebar-layout":"default","site-content-layout":"","ast-site-content-layout":"default","site-content-style":"default","site-sidebar-style":"default","ast-global-header-display":"","ast-banner-title-visibility":"","ast-main-header-display":"","ast-hfb-above-header-display":"","ast-hfb-below-header-display":"","ast-hfb-mobile-header-display":"","site-post-title":"","ast-breadcrumbs-content":"","ast-featured-img":"","footer-sml-layout":"","theme-transparent-header-meta":"","adv-header-id-meta":"","stick-header-meta":"","header-above-stick-meta":"","header-main-stick-meta":"","header-below-stick-meta":"","astra-migrate-meta-layouts":"default","ast-page-background-enabled":"default","ast-page-background-meta":{"desktop":{"background-color":"var(--ast-global-color-4)","background-image":"","background-repeat":"repeat","background-position":"center center","background-size":"auto","background-attachment":"scroll","background-type":"","background-media":"","overlay-type":"","overlay-color":"","overlay-opacity":"","overlay-gradient":""},"tablet":{"background-color":"","background-image":"","background-repeat":"repeat","background-position":"center center","background-size":"auto","background-attachment":"scroll","background-type":"","background-media":"","overlay-type":"","overlay-color":"","overlay-opacity":"","overlay-gradient":""},"mobile":{"background-color":"","background-image":"","background-repeat":"repeat","background-position":"center center","background-size":"auto","background-attachment":"scroll","background-type":"","background-media":"","overlay-type":"","overlay-color":"","overlay-opacity":"","overlay-gradient":""}},"ast-content-background-meta":{"desktop":{"background-color":"var(--ast-global-color-5)","background-image":"","background-repeat":"repeat","background-position":"center center","background-size":"auto","background-attachment":"scroll","background-type":"","background-media":"","overlay-type":"","overlay-color":"","overlay-opacity":"","overlay-gradient":""},"tablet":{"background-color":"var(--ast-global-color-5)","background-image":"","background-repeat":"repeat","background-position":"center center","background-size":"auto","background-attachment":"scroll","background-type":"","background-media":"","overlay-type":"","overlay-color":"","overlay-opacity":"","overlay-gradient":""},"mobile":{"background-color":"var(--ast-global-color-5)","background-image":"","background-repeat":"repeat","background-position":"center center","background-size":"auto","background-attachment":"scroll","background-type":"","background-media":"","overlay-type":"","overlay-color":"","overlay-opacity":"","overlay-gradient":""}},"footnotes":""},"class_list":["post-522","page","type-page","status-publish","hentry"],"_links":{"self":[{"href":"https:\/\/shunfukan.org\/index.php\/wp-json\/wp\/v2\/pages\/522","targetHints":{"allow":["GET"]}}],"collection":[{"href":"https:\/\/shunfukan.org\/index.php\/wp-json\/wp\/v2\/pages"}],"about":[{"href":"https:\/\/shunfukan.org\/index.php\/wp-json\/wp\/v2\/types\/page"}],"author":[{"embeddable":true,"href":"https:\/\/shunfukan.org\/index.php\/wp-json\/wp\/v2\/users\/2"}],"replies":[{"embeddable":true,"href":"https:\/\/shunfukan.org\/index.php\/wp-json\/wp\/v2\/comments?post=522"}],"version-history":[{"count":0,"href":"https:\/\/shunfukan.org\/index.php\/wp-json\/wp\/v2\/pages\/522\/revisions"}],"wp:attachment":[{"href":"https:\/\/shunfukan.org\/index.php\/wp-json\/wp\/v2\/media?parent=522"}],"curies":[{"name":"wp","href":"https:\/\/api.w.org\/{rel}","templated":true}]}}