{"id":2137,"date":"2024-02-05T18:27:54","date_gmt":"2024-02-05T17:27:54","guid":{"rendered":"https:\/\/shunfukan.org\/?page_id=2137"},"modified":"2025-09-06T18:58:15","modified_gmt":"2025-09-06T16:58:15","slug":"adhesions","status":"publish","type":"page","link":"https:\/\/shunfukan.org\/index.php\/adhesions\/","title":{"rendered":"Adh\u00e9sions"},"content":{"rendered":"\n<p>En adh\u00e9rent \u00e0 notre association, en plus d&#8217;obtenir une licence FFAAA et une assurance, vous permettez au club de se d\u00e9velopper. Pour plus de d\u00e9tails sur les modalit\u00e9s d&#8217;adh\u00e9sion, veuillez consulter les informations sur notre portail Helloasso ! <\/p>\n\n\n\n<p><\/p>\n\n\n\n<p><strong>Notre fonctionnement est associatif et l\u2019encadrement est b\u00e9n\u00e9vole. Les enseignants sont tous dipl\u00f4m\u00e9s et le choix du b\u00e9n\u00e9volat traduit notre volont\u00e9 de pr\u00e9server l&#8217;enthousiasme de la pratique en se d\u00e9tachant des contraintes financi\u00e8res autre que celles inh\u00e9rentes \u00e0 la vie de l\u2019association.<\/strong><\/p>\n\n\n\n<p><strong>Le montant des adh\u00e9sions est de :<\/strong><\/p>\n\n\n\n<ul class=\"wp-block-list\">\n<li>110\u20ac pour les adultes (tarifs d\u00e9gressifs&nbsp;\u00e0 partir du second trimestre)<\/li>\n\n\n\n<li>90\u20ac pour les ados (tarifs d\u00e9gressifs&nbsp;\u00e0 partir du second trimestre)<\/li>\n<\/ul>\n\n\n\n<p><strong>Chaque adh\u00e9sion inclue la licence FFAAA et l&#8217;assurance de la f\u00e9d\u00e9ration &nbsp;(38\u20ac pour les adultes, 26\u20ac pour les ados)<\/strong><\/p>\n\n\n\n<p><strong>Le reste des adh\u00e9sions permet de couvrir :<\/strong><\/p>\n\n\n\n<ul class=\"wp-block-list\">\n<li>les frais de fonctionnement du club&nbsp;: achat de mat\u00e9riel (administratif, tatamis, armes, biblioth\u00e8que, etc.),<\/li>\n\n\n\n<li>les frais de bouche (pour les pots et repas conviviaux)<\/li>\n\n\n\n<li>la formation des enseignants<\/li>\n\n\n\n<li>dans la mesure du possible, elle permet aussi le remboursement des stages et d\u00e9placements effectu\u00e9s par les enseignants et les adh\u00e9rents<\/li>\n<\/ul>\n\n\n\n<p><\/p>\n\n\n\n<p>Plusieurs documents sont \u00e0 nous retourner : <strong><a href=\"https:\/\/aikido.com.fr\/wp-content\/uploads\/2025\/07\/demande_licence_2025-2026.pdf\">demande de licence<\/a><\/strong>, <a href=\"https:\/\/drive.google.com\/file\/d\/1-kt09dZ-BNdLsjlHiu5HdshCrZVJTbmX\/view\"><strong>questionnaire sant\u00e9 adultes<\/strong><\/a>, <strong><a href=\"https:\/\/drive.google.com\/file\/d\/1-qlNWCcFze2TaG-gms5gv-bghfbvBhEZ\/view\">questionnaire sant\u00e9 mineurs<\/a><\/strong> et <strong><a href=\"https:\/\/drive.google.com\/file\/d\/1Uhu-UJ43z9HQpcKZW22sQhZ4oCPgSZh2\/view\">autorisation parentale<\/a><\/strong>. Ils sont \u00e9galement disponibles sur <a href=\"https:\/\/www.helloasso.com\/associations\/shun-fu-kan\/adhesions\/adhesions-saison-2025-2026\">Helloasso<\/a>. Ils sont \u00e0 renvoyer directement sur Helloasso lors du paiement.<\/p>\n\n\n\n<div style=\"height:100px\" aria-hidden=\"true\" class=\"wp-block-spacer\"><\/div>\n\n\n\n<iframe id=\"haWidget\" allowtransparency=\"true\" src=\"https:\/\/www.helloasso.com\/associations\/shun-fu-kan\/adhesions\/adhesions-saison-2025-2026\/widget-bouton\" style=\"width: 100%; height: 70px; border: none;\" onload=\"window.addEventListener( 'message', e => { const dataHeight = e.data.height; const haWidgetElement = document.getElementById(&#8216;haWidget&#8217;); haWidgetElement.height = dataHeight + &#8216;px&#8217;; } )&#8221; ><\/iframe>\n\n\n\n<p><\/p>\n","protected":false},"excerpt":{"rendered":"<p>En adh\u00e9rent \u00e0 notre association, en plus d&#8217;obtenir une licence FFAAA et une assurance, vous permettez au club de se d\u00e9velopper. Pour plus de d\u00e9tails sur les modalit\u00e9s d&#8217;adh\u00e9sion, veuillez consulter les informations sur notre portail Helloasso ! Notre fonctionnement est associatif et l\u2019encadrement est b\u00e9n\u00e9vole. Les enseignants sont tous dipl\u00f4m\u00e9s et le choix du [&hellip;]<\/p>\n","protected":false},"author":2,"featured_media":0,"parent":0,"menu_order":0,"comment_status":"closed","ping_status":"closed","template":"","meta":{"site-sidebar-layout":"default","site-content-layout":"","ast-site-content-layout":"default","site-content-style":"default","site-sidebar-style":"default","ast-global-header-display":"","ast-banner-title-visibility":"","ast-main-header-display":"","ast-hfb-above-header-display":"","ast-hfb-below-header-display":"","ast-hfb-mobile-header-display":"","site-post-title":"","ast-breadcrumbs-content":"","ast-featured-img":"","footer-sml-layout":"","theme-transparent-header-meta":"","adv-header-id-meta":"","stick-header-meta":"","header-above-stick-meta":"","header-main-stick-meta":"","header-below-stick-meta":"","astra-migrate-meta-layouts":"default","ast-page-background-enabled":"default","ast-page-background-meta":{"desktop":{"background-color":"var(--ast-global-color-4)","background-image":"","background-repeat":"repeat","background-position":"center center","background-size":"auto","background-attachment":"scroll","background-type":"","background-media":"","overlay-type":"","overlay-color":"","overlay-opacity":"","overlay-gradient":""},"tablet":{"background-color":"","background-image":"","background-repeat":"repeat","background-position":"center center","background-size":"auto","background-attachment":"scroll","background-type":"","background-media":"","overlay-type":"","overlay-color":"","overlay-opacity":"","overlay-gradient":""},"mobile":{"background-color":"","background-image":"","background-repeat":"repeat","background-position":"center center","background-size":"auto","background-attachment":"scroll","background-type":"","background-media":"","overlay-type":"","overlay-color":"","overlay-opacity":"","overlay-gradient":""}},"ast-content-background-meta":{"desktop":{"background-color":"var(--ast-global-color-5)","background-image":"","background-repeat":"repeat","background-position":"center center","background-size":"auto","background-attachment":"scroll","background-type":"","background-media":"","overlay-type":"","overlay-color":"","overlay-opacity":"","overlay-gradient":""},"tablet":{"background-color":"var(--ast-global-color-5)","background-image":"","background-repeat":"repeat","background-position":"center center","background-size":"auto","background-attachment":"scroll","background-type":"","background-media":"","overlay-type":"","overlay-color":"","overlay-opacity":"","overlay-gradient":""},"mobile":{"background-color":"var(--ast-global-color-5)","background-image":"","background-repeat":"repeat","background-position":"center center","background-size":"auto","background-attachment":"scroll","background-type":"","background-media":"","overlay-type":"","overlay-color":"","overlay-opacity":"","overlay-gradient":""}},"footnotes":""},"class_list":["post-2137","page","type-page","status-publish","hentry"],"_links":{"self":[{"href":"https:\/\/shunfukan.org\/index.php\/wp-json\/wp\/v2\/pages\/2137","targetHints":{"allow":["GET"]}}],"collection":[{"href":"https:\/\/shunfukan.org\/index.php\/wp-json\/wp\/v2\/pages"}],"about":[{"href":"https:\/\/shunfukan.org\/index.php\/wp-json\/wp\/v2\/types\/page"}],"author":[{"embeddable":true,"href":"https:\/\/shunfukan.org\/index.php\/wp-json\/wp\/v2\/users\/2"}],"replies":[{"embeddable":true,"href":"https:\/\/shunfukan.org\/index.php\/wp-json\/wp\/v2\/comments?post=2137"}],"version-history":[{"count":9,"href":"https:\/\/shunfukan.org\/index.php\/wp-json\/wp\/v2\/pages\/2137\/revisions"}],"predecessor-version":[{"id":3126,"href":"https:\/\/shunfukan.org\/index.php\/wp-json\/wp\/v2\/pages\/2137\/revisions\/3126"}],"wp:attachment":[{"href":"https:\/\/shunfukan.org\/index.php\/wp-json\/wp\/v2\/media?parent=2137"}],"curies":[{"name":"wp","href":"https:\/\/api.w.org\/{rel}","templated":true}]}}