{"id":21,"date":"2015-07-20T22:59:36","date_gmt":"2015-07-20T21:59:36","guid":{"rendered":"https:\/\/shunfukanlrk.wordpress.com\/?page_id=21"},"modified":"2023-09-04T23:26:15","modified_gmt":"2023-09-04T21:26:15","slug":"laikido","status":"publish","type":"page","link":"https:\/\/shunfukan.org\/index.php\/laikido\/","title":{"rendered":"A\u00efkido"},"content":{"rendered":"<p>Traduction : Recherche pour l&#8217;unification des \u00e9nergies vitales<\/p>\n<p>L&#8217;A\u00efkido est un art martial japonais moderne cr\u00e9\u00e9 dans les ann\u00e9es 50 par Moreihei Ueshiba.<\/p>\n<p>Au travers de sa pratique martiale, l&#8217;A\u00efkido a pour objectif d&#8217;am\u00e9liorer les relations entre les personnes en favorisant le d\u00e9veloppement harmonieux de chacun.<\/p>\n<p>L\u2019A\u00efkido se pratique \u00e0 mains nues ainsi qu\u2019avec des armes en bois : Boken (Sabre), Jo (b\u00e2ton), Tanto (couteau).<\/p>\n<p><a href=\"https:\/\/fr.wikipedia.org\/wiki\/A%C3%AFkido\" target=\"_blank\" rel=\"noopener\">Lien vers l&#8217;article Wikip\u00e9dia pour plus d&#8217;informations.<\/a><\/p>\n<hr \/>\n<p><strong>Pourquoi pratiquer l&#8217;A\u00efkido :<\/strong><\/p>\n<ul>\n<li>Car il s\u2019agit d\u2019<strong>un syst\u00e8me d\u2019\u00e9ducation complet<\/strong> d\u00e9veloppant de nombreuses aptitudes et habilit\u00e9s b\u00e9n\u00e9fiques au quotidien,<\/li>\n<li>Car il s\u2019agit d\u2019une discipline ou<strong> la force physique ne compte pas<\/strong> : adolescents, hommes et femmes de tous \u00e2ges pratiquent ensemble sur un m\u00eame pied d\u2019\u00e9galit\u00e9 peu importe leur constitution ou condition physique,<\/li>\n<li>Car l\u2019<strong>absence totale de comp\u00e9tition<\/strong> permet \u00e0 chacun de pratiquer et d\u2019\u00e9voluer sans pression, selon son rythme et son investissement,<\/li>\n<li>Car il s\u2019agit d\u2019un art martial disposant d\u2019une <strong>grande richesse de pratiques et de techniques<\/strong> : frappes, saisies, immobilisations, projections, pratique des armes (sabre, couteau, b\u00e2ton).<\/li>\n<\/ul>\n\n\n<hr class=\"wp-block-separator has-alpha-channel-opacity is-style-wide\"\/>\n\n\n\n<p><strong>R\u00e8gles du dojo<\/strong> :<\/p>\n\n\n\n<ol class=\"wp-block-list\">\n<li>Le Dojo fonctionne suivant des r\u00e8gles traditionnelles. C\u2019est un endroit consacr\u00e9 \u00e0 l\u2019\u00e9tude de l\u2019A\u00efkido. Il est du devoir de chaque \u00e9l\u00e8ve d\u2019en respecter l\u2019\u00e9tiquette.<\/li>\n\n\n\n<li>Chaque \u00e9l\u00e8ve doit participer \u00e0 la cr\u00e9ation d\u2019une atmosph\u00e8re positive d\u2019harmonie et de respect.<\/li>\n\n\n\n<li>Le nettoyage constitue un acte de gratitude et de respect et chaque pratiquant doit participer au nettoyage du Dojo et s\u2019y appliquer avec c\u0153ur.<\/li>\n\n\n\n<li>Respectez le Dojo, vos instruments de travail, votre tenue et respectez-vous mutuellement.<\/li>\n\n\n\n<li>Chaque pratiquant s\u2019engage moralement \u00e0 ne pas jamais utiliser une technique d\u2019a\u00efkido pour blesser ou manifester son ego. Les r\u00e8glements de conflits personnels sur le tapis sont interdits.<\/li>\n\n\n\n<li>Il n\u2019y a pas d\u2019esprit de comp\u00e9tition sur le tatami, le but de l\u2019a\u00efkido n\u2019est pas de vaincre un adversaire. La force de l\u2019a\u00efkido ne r\u00e9side pas dans la puissance musculaire mais dans la souplesse, la communication, le contr\u00f4le de soi, et la modestie.<\/li>\n\n\n\n<li>Chacun a des possibilit\u00e9s physiques et des raisons diff\u00e9rentes de pratiquer l\u2019a\u00efkido. Elles doivent \u00eatre respect\u00e9es<\/li>\n<\/ol>\n","protected":false},"excerpt":{"rendered":"<p>Traduction : Recherche pour l&#8217;unification des \u00e9nergies vitales L&#8217;A\u00efkido est un art martial japonais moderne cr\u00e9\u00e9 dans les ann\u00e9es 50 par Moreihei Ueshiba. Au travers de sa pratique martiale, l&#8217;A\u00efkido a pour objectif d&#8217;am\u00e9liorer les relations entre les personnes en favorisant le d\u00e9veloppement harmonieux de chacun. L\u2019A\u00efkido se pratique \u00e0 mains nues ainsi qu\u2019avec des [&hellip;]<\/p>\n","protected":false},"author":2,"featured_media":116,"parent":0,"menu_order":0,"comment_status":"closed","ping_status":"closed","template":"","meta":{"site-sidebar-layout":"default","site-content-layout":"","ast-site-content-layout":"default","site-content-style":"default","site-sidebar-style":"default","ast-global-header-display":"","ast-banner-title-visibility":"","ast-main-header-display":"","ast-hfb-above-header-display":"","ast-hfb-below-header-display":"","ast-hfb-mobile-header-display":"","site-post-title":"","ast-breadcrumbs-content":"","ast-featured-img":"","footer-sml-layout":"","theme-transparent-header-meta":"","adv-header-id-meta":"","stick-header-meta":"","header-above-stick-meta":"","header-main-stick-meta":"","header-below-stick-meta":"","astra-migrate-meta-layouts":"default","ast-page-background-enabled":"default","ast-page-background-meta":{"desktop":{"background-color":"var(--ast-global-color-4)","background-image":"","background-repeat":"repeat","background-position":"center center","background-size":"auto","background-attachment":"scroll","background-type":"","background-media":"","overlay-type":"","overlay-color":"","overlay-opacity":"","overlay-gradient":""},"tablet":{"background-color":"","background-image":"","background-repeat":"repeat","background-position":"center center","background-size":"auto","background-attachment":"scroll","background-type":"","background-media":"","overlay-type":"","overlay-color":"","overlay-opacity":"","overlay-gradient":""},"mobile":{"background-color":"","background-image":"","background-repeat":"repeat","background-position":"center center","background-size":"auto","background-attachment":"scroll","background-type":"","background-media":"","overlay-type":"","overlay-color":"","overlay-opacity":"","overlay-gradient":""}},"ast-content-background-meta":{"desktop":{"background-color":"var(--ast-global-color-5)","background-image":"","background-repeat":"repeat","background-position":"center center","background-size":"auto","background-attachment":"scroll","background-type":"","background-media":"","overlay-type":"","overlay-color":"","overlay-opacity":"","overlay-gradient":""},"tablet":{"background-color":"var(--ast-global-color-5)","background-image":"","background-repeat":"repeat","background-position":"center center","background-size":"auto","background-attachment":"scroll","background-type":"","background-media":"","overlay-type":"","overlay-color":"","overlay-opacity":"","overlay-gradient":""},"mobile":{"background-color":"var(--ast-global-color-5)","background-image":"","background-repeat":"repeat","background-position":"center center","background-size":"auto","background-attachment":"scroll","background-type":"","background-media":"","overlay-type":"","overlay-color":"","overlay-opacity":"","overlay-gradient":""}},"footnotes":""},"class_list":["post-21","page","type-page","status-publish","has-post-thumbnail","hentry"],"_links":{"self":[{"href":"https:\/\/shunfukan.org\/index.php\/wp-json\/wp\/v2\/pages\/21","targetHints":{"allow":["GET"]}}],"collection":[{"href":"https:\/\/shunfukan.org\/index.php\/wp-json\/wp\/v2\/pages"}],"about":[{"href":"https:\/\/shunfukan.org\/index.php\/wp-json\/wp\/v2\/types\/page"}],"author":[{"embeddable":true,"href":"https:\/\/shunfukan.org\/index.php\/wp-json\/wp\/v2\/users\/2"}],"replies":[{"embeddable":true,"href":"https:\/\/shunfukan.org\/index.php\/wp-json\/wp\/v2\/comments?post=21"}],"version-history":[{"count":1,"href":"https:\/\/shunfukan.org\/index.php\/wp-json\/wp\/v2\/pages\/21\/revisions"}],"predecessor-version":[{"id":1266,"href":"https:\/\/shunfukan.org\/index.php\/wp-json\/wp\/v2\/pages\/21\/revisions\/1266"}],"wp:featuredmedia":[{"embeddable":true,"href":"https:\/\/shunfukan.org\/index.php\/wp-json\/wp\/v2\/media\/116"}],"wp:attachment":[{"href":"https:\/\/shunfukan.org\/index.php\/wp-json\/wp\/v2\/media?parent=21"}],"curies":[{"name":"wp","href":"https:\/\/api.w.org\/{rel}","templated":true}]}}