{"id":100,"date":"2015-07-22T21:15:07","date_gmt":"2015-07-22T20:15:07","guid":{"rendered":"https:\/\/shunfukanlrk.wordpress.com\/?page_id=100"},"modified":"2025-09-15T09:11:40","modified_gmt":"2025-09-15T07:11:40","slug":"agenda","status":"publish","type":"page","link":"https:\/\/shunfukan.org\/index.php\/agenda\/","title":{"rendered":"Agenda"},"content":{"rendered":"\n<p>Retrouvez dans le calendrier toutes les dates de stages de la ligue Bretagne ou des stages priv\u00e9s.<\/p>\n\n\n\n<p><strong>Stages de la ligue Bretagne<\/strong> <strong>2025-2026<\/strong><\/p>\n\n\n\n<figure class=\"wp-block-image aligncenter size-full\"><img loading=\"lazy\" decoding=\"async\" width=\"1810\" height=\"2560\" src=\"https:\/\/shunfukan.org\/wp-content\/uploads\/2025\/09\/Calendrier-Ligue-Bretagne-2025-2026-31-aout-2025-v0.4-1.jpg\" alt=\"\" class=\"wp-image-3128\" srcset=\"https:\/\/shunfukan.org\/wp-content\/uploads\/2025\/09\/Calendrier-Ligue-Bretagne-2025-2026-31-aout-2025-v0.4-1.jpg 1810w, https:\/\/shunfukan.org\/wp-content\/uploads\/2025\/09\/Calendrier-Ligue-Bretagne-2025-2026-31-aout-2025-v0.4-1-212x300.jpg 212w, https:\/\/shunfukan.org\/wp-content\/uploads\/2025\/09\/Calendrier-Ligue-Bretagne-2025-2026-31-aout-2025-v0.4-1-724x1024.jpg 724w, https:\/\/shunfukan.org\/wp-content\/uploads\/2025\/09\/Calendrier-Ligue-Bretagne-2025-2026-31-aout-2025-v0.4-1-768x1086.jpg 768w, https:\/\/shunfukan.org\/wp-content\/uploads\/2025\/09\/Calendrier-Ligue-Bretagne-2025-2026-31-aout-2025-v0.4-1-1086x1536.jpg 1086w, https:\/\/shunfukan.org\/wp-content\/uploads\/2025\/09\/Calendrier-Ligue-Bretagne-2025-2026-31-aout-2025-v0.4-1-1448x2048.jpg 1448w, https:\/\/shunfukan.org\/wp-content\/uploads\/2025\/09\/Calendrier-Ligue-Bretagne-2025-2026-31-aout-2025-v0.4-1-600x849.jpg 600w\" sizes=\"auto, (max-width: 1810px) 100vw, 1810px\" \/><\/figure>\n\n\n\n<hr class=\"wp-block-separator has-alpha-channel-opacity\"\/>\n\n\n\n<p><strong>Stages priv\u00e9s \u00e0 venir au Relecq-Kerhuon : <\/strong><\/p>\n\n\n\n<ul class=\"wp-block-list\">\n<li>Patrick B\u00e9n\u00e9zei, Shihan : du 8 au 11 novembre 2025<\/li>\n<\/ul>\n\n\n\n<figure class=\"wp-block-gallery has-nested-images columns-default is-cropped wp-block-gallery-1 is-layout-flex wp-block-gallery-is-layout-flex\">\n<figure class=\"wp-block-image size-large\"><img loading=\"lazy\" decoding=\"async\" width=\"717\" height=\"1024\" data-id=\"3131\" src=\"https:\/\/shunfukan.org\/wp-content\/uploads\/2025\/09\/Screenshot_20250915_090830_Adobe-Acrobat-717x1024.jpg\" alt=\"\" class=\"wp-image-3131\" srcset=\"https:\/\/shunfukan.org\/wp-content\/uploads\/2025\/09\/Screenshot_20250915_090830_Adobe-Acrobat-717x1024.jpg 717w, https:\/\/shunfukan.org\/wp-content\/uploads\/2025\/09\/Screenshot_20250915_090830_Adobe-Acrobat-210x300.jpg 210w, https:\/\/shunfukan.org\/wp-content\/uploads\/2025\/09\/Screenshot_20250915_090830_Adobe-Acrobat-768x1096.jpg 768w, https:\/\/shunfukan.org\/wp-content\/uploads\/2025\/09\/Screenshot_20250915_090830_Adobe-Acrobat-600x856.jpg 600w, https:\/\/shunfukan.org\/wp-content\/uploads\/2025\/09\/Screenshot_20250915_090830_Adobe-Acrobat.jpg 1065w\" sizes=\"auto, (max-width: 717px) 100vw, 717px\" \/><\/figure>\n<\/figure>\n\n\n\n<p><strong>Stages priv\u00e9s \u00e0 venir en Bretagne : <\/strong><\/p>\n\n\n\n<ul class=\"wp-block-list\">\n<li>Micheline Vaillant-Tissier : 26 octobre 2025 \u00e0 Fouesnant<\/li>\n\n\n\n<li>Pascal Guillemin : 22 mars 2026<\/li>\n<\/ul>\n\n\n\n<figure class=\"wp-block-gallery has-nested-images columns-default is-cropped wp-block-gallery-2 is-layout-flex wp-block-gallery-is-layout-flex\">\n<figure class=\"wp-block-image size-large\"><img loading=\"lazy\" decoding=\"async\" width=\"726\" height=\"1024\" data-id=\"3117\" src=\"https:\/\/shunfukan.org\/wp-content\/uploads\/2025\/07\/micheline_fouesnant-726x1024.jpeg\" alt=\"\" class=\"wp-image-3117\" srcset=\"https:\/\/shunfukan.org\/wp-content\/uploads\/2025\/07\/micheline_fouesnant-726x1024.jpeg 726w, https:\/\/shunfukan.org\/wp-content\/uploads\/2025\/07\/micheline_fouesnant-213x300.jpeg 213w, https:\/\/shunfukan.org\/wp-content\/uploads\/2025\/07\/micheline_fouesnant-768x1083.jpeg 768w, https:\/\/shunfukan.org\/wp-content\/uploads\/2025\/07\/micheline_fouesnant-1090x1536.jpeg 1090w, https:\/\/shunfukan.org\/wp-content\/uploads\/2025\/07\/micheline_fouesnant-600x846.jpeg 600w, https:\/\/shunfukan.org\/wp-content\/uploads\/2025\/07\/micheline_fouesnant.jpeg 1125w\" sizes=\"auto, (max-width: 726px) 100vw, 726px\" \/><figcaption class=\"wp-element-caption\">Screenshot<\/figcaption><\/figure>\n<\/figure>\n\n\n\n<div style=\"height:53px\" aria-hidden=\"true\" class=\"wp-block-spacer\"><\/div>\n\n\n\n<div style=\"height:77px\" aria-hidden=\"true\" class=\"wp-block-spacer\"><\/div>\n\n\n\n<iframe loading=\"lazy\" src=\"https:\/\/calendar.google.com\/calendar\/embed?src=shunfukanlrk%40gmail.com&#038;ctz=Europe%2FParis\" style=\"border: 0\" width=\"1200\" height=\"600\" frameborder=\"0\" scrolling=\"no\"><\/iframe>\n\n\n\n<p><\/p>\n","protected":false},"excerpt":{"rendered":"<p>Retrouvez dans le calendrier toutes les dates de stages de la ligue Bretagne ou des stages priv\u00e9s. Stages de la ligue Bretagne 2025-2026 Stages priv\u00e9s \u00e0 venir au Relecq-Kerhuon : Stages priv\u00e9s \u00e0 venir en Bretagne :<\/p>\n","protected":false},"author":2,"featured_media":123,"parent":0,"menu_order":0,"comment_status":"closed","ping_status":"closed","template":"","meta":{"site-sidebar-layout":"default","site-content-layout":"","ast-site-content-layout":"default","site-content-style":"default","site-sidebar-style":"default","ast-global-header-display":"","ast-banner-title-visibility":"","ast-main-header-display":"","ast-hfb-above-header-display":"","ast-hfb-below-header-display":"","ast-hfb-mobile-header-display":"","site-post-title":"","ast-breadcrumbs-content":"","ast-featured-img":"","footer-sml-layout":"","theme-transparent-header-meta":"","adv-header-id-meta":"","stick-header-meta":"","header-above-stick-meta":"","header-main-stick-meta":"","header-below-stick-meta":"","astra-migrate-meta-layouts":"default","ast-page-background-enabled":"default","ast-page-background-meta":{"desktop":{"background-color":"var(--ast-global-color-4)","background-image":"","background-repeat":"repeat","background-position":"center center","background-size":"auto","background-attachment":"scroll","background-type":"","background-media":"","overlay-type":"","overlay-color":"","overlay-opacity":"","overlay-gradient":""},"tablet":{"background-color":"","background-image":"","background-repeat":"repeat","background-position":"center center","background-size":"auto","background-attachment":"scroll","background-type":"","background-media":"","overlay-type":"","overlay-color":"","overlay-opacity":"","overlay-gradient":""},"mobile":{"background-color":"","background-image":"","background-repeat":"repeat","background-position":"center center","background-size":"auto","background-attachment":"scroll","background-type":"","background-media":"","overlay-type":"","overlay-color":"","overlay-opacity":"","overlay-gradient":""}},"ast-content-background-meta":{"desktop":{"background-color":"var(--ast-global-color-5)","background-image":"","background-repeat":"repeat","background-position":"center center","background-size":"auto","background-attachment":"scroll","background-type":"","background-media":"","overlay-type":"","overlay-color":"","overlay-opacity":"","overlay-gradient":""},"tablet":{"background-color":"var(--ast-global-color-5)","background-image":"","background-repeat":"repeat","background-position":"center center","background-size":"auto","background-attachment":"scroll","background-type":"","background-media":"","overlay-type":"","overlay-color":"","overlay-opacity":"","overlay-gradient":""},"mobile":{"background-color":"var(--ast-global-color-5)","background-image":"","background-repeat":"repeat","background-position":"center center","background-size":"auto","background-attachment":"scroll","background-type":"","background-media":"","overlay-type":"","overlay-color":"","overlay-opacity":"","overlay-gradient":""}},"footnotes":""},"class_list":["post-100","page","type-page","status-publish","has-post-thumbnail","hentry"],"_links":{"self":[{"href":"https:\/\/shunfukan.org\/index.php\/wp-json\/wp\/v2\/pages\/100","targetHints":{"allow":["GET"]}}],"collection":[{"href":"https:\/\/shunfukan.org\/index.php\/wp-json\/wp\/v2\/pages"}],"about":[{"href":"https:\/\/shunfukan.org\/index.php\/wp-json\/wp\/v2\/types\/page"}],"author":[{"embeddable":true,"href":"https:\/\/shunfukan.org\/index.php\/wp-json\/wp\/v2\/users\/2"}],"replies":[{"embeddable":true,"href":"https:\/\/shunfukan.org\/index.php\/wp-json\/wp\/v2\/comments?post=100"}],"version-history":[{"count":20,"href":"https:\/\/shunfukan.org\/index.php\/wp-json\/wp\/v2\/pages\/100\/revisions"}],"predecessor-version":[{"id":3133,"href":"https:\/\/shunfukan.org\/index.php\/wp-json\/wp\/v2\/pages\/100\/revisions\/3133"}],"wp:featuredmedia":[{"embeddable":true,"href":"https:\/\/shunfukan.org\/index.php\/wp-json\/wp\/v2\/media\/123"}],"wp:attachment":[{"href":"https:\/\/shunfukan.org\/index.php\/wp-json\/wp\/v2\/media?parent=100"}],"curies":[{"name":"wp","href":"https:\/\/api.w.org\/{rel}","templated":true}]}}